{"id":24,"date":"2023-02-06T17:20:12","date_gmt":"2023-02-06T17:20:12","guid":{"rendered":"https:\/\/smartrafo.tecnico.ulisboa.pt\/?page_id=24"},"modified":"2023-02-07T16:00:36","modified_gmt":"2023-02-07T16:00:36","slug":"about-us","status":"publish","type":"page","link":"https:\/\/smartrafo.tecnico.ulisboa.pt\/?page_id=24","title":{"rendered":"People"},"content":{"rendered":"<div class=\"wp-block-image\">\n<figure class=\"aligncenter size-large\"><img decoding=\"async\" loading=\"lazy\" width=\"1024\" height=\"576\" src=\"https:\/\/smartrafo.tecnico.ulisboa.pt\/wp-content\/uploads\/2023\/02\/Meeting-2019_06_25_P2-1024x576.jpg\" alt=\"\" class=\"wp-image-36\" srcset=\"https:\/\/smartrafo.tecnico.ulisboa.pt\/wp-content\/uploads\/2023\/02\/Meeting-2019_06_25_P2-1024x576.jpg 1024w, https:\/\/smartrafo.tecnico.ulisboa.pt\/wp-content\/uploads\/2023\/02\/Meeting-2019_06_25_P2-300x169.jpg 300w, https:\/\/smartrafo.tecnico.ulisboa.pt\/wp-content\/uploads\/2023\/02\/Meeting-2019_06_25_P2-768x432.jpg 768w, https:\/\/smartrafo.tecnico.ulisboa.pt\/wp-content\/uploads\/2023\/02\/Meeting-2019_06_25_P2-850x478.jpg 850w, https:\/\/smartrafo.tecnico.ulisboa.pt\/wp-content\/uploads\/2023\/02\/Meeting-2019_06_25_P2.jpg 1340w\" sizes=\"(max-width: 1024px) 100vw, 1024px\" \/><figcaption class=\"wp-element-caption\">Kickoff project meeting<\/figcaption><\/figure><\/div>\n\n\n<h2>Head of Project<\/h2>\n\n\n\n<p><strong>S\u00f3nia Maria Nunes dos Santos Paulo Ferreira Pinto <br><\/strong>INESC ID &#8211; Instituto de Engenharia de Sistemas e Computadores, Investiga\u00e7\u00e3o e Desenvolvimento em Lisboa <br>IST &#8211; Instituto Superior T\u00e9cnico de Lisboa<\/p>\n\n\n\n<a href=\"mailto:soniafp@tecnico.ulisboa.pt\">\n <img decoding=\"async\" loading=\"lazy\" alt=\"Mail\" src=\"https:\/\/smartrafo.tecnico.ulisboa.pt\/wp-content\/uploads\/2023\/02\/mail-logo.png\" width=\"30&quot;\" height=\"30\">\n<\/a>\n<a href=\"https:\/\/orcid.org\/0000-0003-3266-7881\">\n <img decoding=\"async\" loading=\"lazy\" alt=\"Orcid\" src=\"https:\/\/smartrafo.tecnico.ulisboa.pt\/wp-content\/uploads\/2023\/02\/f371e2_a3e54cb75aaf44c1bd126f2641e23805_mv2.png\" width=\"30&quot;\" height=\"30\">\n<\/a>\n\n\n\n<hr class=\"wp-block-separator has-alpha-channel-opacity\"\/>\n\n\n\n<h2>Researchers<\/h2>\n\n\n\n<p><strong>Jos\u00e9 Fernando Alves da Silva<br><\/strong>INESC ID &#8211; Instituto de Engenharia de Sistemas e Computadores, Investiga\u00e7\u00e3o e Desenvolvimento em Lisboa <br>IST &#8211; Instituto Superior T\u00e9cnico de Lisboa<\/p>\n\n\n\n<a href=\"mailto:fernando.alves@tecnico.ulisboa.pt\">\n <img decoding=\"async\" loading=\"lazy\" alt=\"Mail\" src=\"https:\/\/smartrafo.tecnico.ulisboa.pt\/wp-content\/uploads\/2023\/02\/mail-logo.png\" width=\"30&quot;\" height=\"30\">\n<\/a>\n<a href=\"https:\/\/orcid.org\/0000-0003-2164-0739\">\n <img decoding=\"async\" loading=\"lazy\" alt=\"Orcid\" src=\"https:\/\/smartrafo.tecnico.ulisboa.pt\/wp-content\/uploads\/2023\/02\/f371e2_a3e54cb75aaf44c1bd126f2641e23805_mv2.png\" width=\"30&quot;\" height=\"30\">\n<\/a>\n\n\n\n<hr class=\"wp-block-separator has-alpha-channel-opacity\"\/>\n\n\n\n<p><strong>Miguel Cabral Ferreira Chaves<br><\/strong>INESC ID &#8211; Instituto de Engenharia de Sistemas e Computadores, Investiga\u00e7\u00e3o e Desenvolvimento em Lisboa <br>ISEL &#8211; Instituto Superior de Engenharia de Lisboa<\/p>\n\n\n\n<a href=\"mailto:@tecnico.ulisboa.pt\">\n <img decoding=\"async\" loading=\"lazy\" alt=\"Mail\" src=\"https:\/\/smartrafo.tecnico.ulisboa.pt\/wp-content\/uploads\/2023\/02\/mail-logo.png\" width=\"30&quot;\" height=\"30\">\n<\/a>\n<a href=\"https:\/\/orcid.org\/0000-0003-2377-6680\">\n <img decoding=\"async\" loading=\"lazy\" alt=\"Orcid\" src=\"https:\/\/smartrafo.tecnico.ulisboa.pt\/wp-content\/uploads\/2023\/02\/f371e2_a3e54cb75aaf44c1bd126f2641e23805_mv2.png\" width=\"30&quot;\" height=\"30\">\n<\/a>\n\n\n\n<hr class=\"wp-block-separator has-alpha-channel-opacity\"\/>\n\n\n\n<p><strong>Paulo Jos\u00e9 Duarte Landeiro Gamb\u00f4a<br><\/strong>INESC ID &#8211; Instituto de Engenharia de Sistemas e Computadores, Investiga\u00e7\u00e3o e Desenvolvimento em Lisboa <br>ISEL &#8211; Instituto Superior de Engenharia de Lisboa<\/p>\n\n\n\n<a href=\"mailto:@tecnico.ulisboa.pt\">\n <img decoding=\"async\" loading=\"lazy\" alt=\"Mail\" src=\"https:\/\/smartrafo.tecnico.ulisboa.pt\/wp-content\/uploads\/2023\/02\/mail-logo.png\" width=\"30&quot;\" height=\"30\">\n<\/a>\n<a href=\"https:\/\/orcid.org\/0000-0003-4398-6941\">\n <img decoding=\"async\" loading=\"lazy\" alt=\"Orcid\" src=\"https:\/\/smartrafo.tecnico.ulisboa.pt\/wp-content\/uploads\/2023\/02\/f371e2_a3e54cb75aaf44c1bd126f2641e23805_mv2.png\" width=\"30&quot;\" height=\"30\">\n<\/a>\n\n\n\n<hr class=\"wp-block-separator has-alpha-channel-opacity\"\/>\n\n\n\n<p><strong>Maria Jos\u00e9 Ferreira dos Santos Lopes de Resende<br><\/strong>INESC ID &#8211; Instituto de Engenharia de Sistemas e Computadores, Investiga\u00e7\u00e3o e Desenvolvimento em Lisboa <br>IST &#8211; Instituto Superior T\u00e9cnico de Lisboa<\/p>\n\n\n\n<a href=\"mailto:@tecnico.ulisboa.pt\">\n <img decoding=\"async\" loading=\"lazy\" alt=\"Mail\" src=\"https:\/\/smartrafo.tecnico.ulisboa.pt\/wp-content\/uploads\/2023\/02\/mail-logo.png\" width=\"30&quot;\" height=\"30\">\n<\/a>\n<a href=\"https:\/\/orcid.org\/\">\n <img decoding=\"async\" loading=\"lazy\" alt=\"Orcid\" src=\"https:\/\/smartrafo.tecnico.ulisboa.pt\/wp-content\/uploads\/2023\/02\/f371e2_a3e54cb75aaf44c1bd126f2641e23805_mv2.png\" width=\"30&quot;\" height=\"30\">\n<\/a>\n\n\n\n<hr class=\"wp-block-separator has-alpha-channel-opacity\"\/>\n\n\n\n<h2>Associated Researchers<\/h2>\n\n\n\n<p><strong>Shahram Javadi<br><\/strong>INESC ID &#8211; Instituto de Engenharia de Sistemas e Computadores, Investiga\u00e7\u00e3o e Desenvolvimento em Lisboa <br>Islamic Azad University, Central Tehran Branch, Tehran, Iran<\/p>\n\n\n\n<a href=\"mailto:@tecnico.ulisboa.pt\">\n <img decoding=\"async\" loading=\"lazy\" alt=\"Mail\" src=\"https:\/\/smartrafo.tecnico.ulisboa.pt\/wp-content\/uploads\/2023\/02\/mail-logo.png\" width=\"30&quot;\" height=\"30\">\n<\/a>\n<a href=\"https:\/\/orcid.org\/0000-0002-5950-8592\">\n <img decoding=\"async\" loading=\"lazy\" alt=\"Orcid\" src=\"https:\/\/smartrafo.tecnico.ulisboa.pt\/wp-content\/uploads\/2023\/02\/f371e2_a3e54cb75aaf44c1bd126f2641e23805_mv2.png\" width=\"30&quot;\" height=\"30\">\n<\/a>\n\n\n\n<hr class=\"wp-block-separator has-alpha-channel-opacity\"\/>\n\n\n\n<p><strong>Lijun Zhang<br><\/strong>INESC ID &#8211; Instituto de Engenharia de Sistemas e Computadores, Investiga\u00e7\u00e3o e Desenvolvimento em Lisboa <br>Shanghai University of Electric Power<\/p>\n\n\n\n<a href=\"mailto:lijun.zhang@tecnico.ulisboa.pt\">\n <img decoding=\"async\" loading=\"lazy\" alt=\"Mail\" src=\"https:\/\/smartrafo.tecnico.ulisboa.pt\/wp-content\/uploads\/2023\/02\/mail-logo.png\" width=\"30&quot;\" height=\"30\">\n<\/a>\n<a href=\"https:\/\/orcid.org\/0000-0002-1147-1647\">\n <img decoding=\"async\" loading=\"lazy\" alt=\"Orcid\" src=\"https:\/\/smartrafo.tecnico.ulisboa.pt\/wp-content\/uploads\/2023\/02\/f371e2_a3e54cb75aaf44c1bd126f2641e23805_mv2.png\" width=\"30&quot;\" height=\"30\">\n<\/a>\n\n\n\n<hr class=\"wp-block-separator has-alpha-channel-opacity\"\/>\n\n\n\n<p><strong>Pedro Miguel Baptista de Sousa Correia da Costa<br><\/strong>INESC ID &#8211; Instituto de Engenharia de Sistemas e Computadores, Investiga\u00e7\u00e3o e Desenvolvimento em Lisboa <br>IST &#8211; Instituto Superior T\u00e9cnico de Lisboa<\/p>\n\n\n\n<a href=\"mailto:pedro.b.costa@tecnico.ulisboa.pt\">\n <img decoding=\"async\" loading=\"lazy\" alt=\"Mail\" src=\"https:\/\/smartrafo.tecnico.ulisboa.pt\/wp-content\/uploads\/2023\/02\/mail-logo.png\" width=\"30&quot;\" height=\"30\">\n<\/a>\n<a href=\"https:\/\/orcid.org\/0000-0002-3073-916X\">\n <img decoding=\"async\" loading=\"lazy\" alt=\"Orcid\" src=\"https:\/\/smartrafo.tecnico.ulisboa.pt\/wp-content\/uploads\/2023\/02\/f371e2_a3e54cb75aaf44c1bd126f2641e23805_mv2.png\" width=\"30&quot;\" height=\"30\">\n<\/a>\n\n\n\n<hr class=\"wp-block-separator has-alpha-channel-opacity\"\/>\n\n\n\n<p><strong>Guilherme Marto Para\u00edso<br><\/strong>INESC ID &#8211; Instituto de Engenharia de Sistemas e Computadores, Investiga\u00e7\u00e3o e Desenvolvimento em Lisboa <br>IST &#8211; Instituto Superior T\u00e9cnico de Lisboa<\/p>\n\n\n\n<a href=\"mailto:guilherme.paraiso@tecnico.ulisboa.pt\">\n <img decoding=\"async\" loading=\"lazy\" alt=\"Mail\" src=\"https:\/\/smartrafo.tecnico.ulisboa.pt\/wp-content\/uploads\/2023\/02\/mail-logo.png\" width=\"30&quot;\" height=\"30\">\n<\/a>\n<a href=\"https:\/\/orcid.org\/0000-0001-8027-6311\">\n <img decoding=\"async\" loading=\"lazy\" alt=\"Orcid\" src=\"https:\/\/smartrafo.tecnico.ulisboa.pt\/wp-content\/uploads\/2023\/02\/f371e2_a3e54cb75aaf44c1bd126f2641e23805_mv2.png\" width=\"30&quot;\" height=\"30\">\n<\/a>\n\n\n\n<hr class=\"wp-block-separator has-alpha-channel-opacity\"\/>\n\n\n\n<p><strong>Alexandre Emanuel da Silva Bento<br><\/strong>INESC ID &#8211; Instituto de Engenharia de Sistemas e Computadores, Investiga\u00e7\u00e3o e Desenvolvimento em Lisboa <br>IST &#8211; Instituto Superior T\u00e9cnico de Lisboa<\/p>\n\n\n\n<a href=\"mailto:alexandresilvabento@tecnico.ulisboa.pt\">\n <img decoding=\"async\" loading=\"lazy\" alt=\"Mail\" src=\"https:\/\/smartrafo.tecnico.ulisboa.pt\/wp-content\/uploads\/2023\/02\/mail-logo.png\" width=\"30&quot;\" height=\"30\">\n<\/a>\n<a href=\"https:\/\/orcid.org\/0000-0002-2118-7738\">\n <img decoding=\"async\" loading=\"lazy\" alt=\"Orcid\" src=\"https:\/\/smartrafo.tecnico.ulisboa.pt\/wp-content\/uploads\/2023\/02\/f371e2_a3e54cb75aaf44c1bd126f2641e23805_mv2.png\" width=\"30&quot;\" height=\"30\">\n<\/a>\n\n\n\n<hr class=\"wp-block-separator has-alpha-channel-opacity\"\/>\n\n\n\n<p><strong>S\u00e9rgio Alexandre Alves Andr\u00e9<br><\/strong>INESC ID &#8211; Instituto de Engenharia de Sistemas e Computadores, Investiga\u00e7\u00e3o e Desenvolvimento em Lisboa <br>IST &#8211; Instituto Superior T\u00e9cnico de Lisboa<br>ISEL &#8211; Instituto Superior de Engenharia de Lisboa<\/p>\n\n\n\n<a href=\"mailto:sergio.a.andre@tecnico.ulisboa.pt\">\n <img decoding=\"async\" loading=\"lazy\" alt=\"Mail\" src=\"https:\/\/smartrafo.tecnico.ulisboa.pt\/wp-content\/uploads\/2023\/02\/mail-logo.png\" width=\"30&quot;\" height=\"30\">\n<\/a>\n<a href=\"https:\/\/orcid.org\/0000-0003-1235-4757\">\n <img decoding=\"async\" loading=\"lazy\" alt=\"Orcid\" src=\"https:\/\/smartrafo.tecnico.ulisboa.pt\/wp-content\/uploads\/2023\/02\/f371e2_a3e54cb75aaf44c1bd126f2641e23805_mv2.png\" width=\"30&quot;\" height=\"30\">\n<\/a>\n\n\n\n<hr class=\"wp-block-separator has-alpha-channel-opacity\"\/>\n","protected":false},"excerpt":{"rendered":"<p>Head of Project S\u00f3nia Maria Nunes dos Santos Paulo Ferreira Pinto INESC ID &#8211; Instituto de Engenharia de Sistemas e Computadores, Investiga\u00e7\u00e3o e Desenvolvimento em Lisboa IST &#8211; Instituto Superior T\u00e9cnico de Lisboa Researchers Jos\u00e9 Fernando Alves da SilvaINESC ID &#8211; Instituto de Engenharia de Sistemas e Computadores, Investiga\u00e7\u00e3o e Desenvolvimento em Lisboa IST &#8211;&#8230;<\/p>\n","protected":false},"author":1,"featured_media":0,"parent":0,"menu_order":0,"comment_status":"closed","ping_status":"closed","template":"","meta":[],"_links":{"self":[{"href":"https:\/\/smartrafo.tecnico.ulisboa.pt\/index.php?rest_route=\/wp\/v2\/pages\/24"}],"collection":[{"href":"https:\/\/smartrafo.tecnico.ulisboa.pt\/index.php?rest_route=\/wp\/v2\/pages"}],"about":[{"href":"https:\/\/smartrafo.tecnico.ulisboa.pt\/index.php?rest_route=\/wp\/v2\/types\/page"}],"author":[{"embeddable":true,"href":"https:\/\/smartrafo.tecnico.ulisboa.pt\/index.php?rest_route=\/wp\/v2\/users\/1"}],"replies":[{"embeddable":true,"href":"https:\/\/smartrafo.tecnico.ulisboa.pt\/index.php?rest_route=%2Fwp%2Fv2%2Fcomments&post=24"}],"version-history":[{"count":19,"href":"https:\/\/smartrafo.tecnico.ulisboa.pt\/index.php?rest_route=\/wp\/v2\/pages\/24\/revisions"}],"predecessor-version":[{"id":140,"href":"https:\/\/smartrafo.tecnico.ulisboa.pt\/index.php?rest_route=\/wp\/v2\/pages\/24\/revisions\/140"}],"wp:attachment":[{"href":"https:\/\/smartrafo.tecnico.ulisboa.pt\/index.php?rest_route=%2Fwp%2Fv2%2Fmedia&parent=24"}],"curies":[{"name":"wp","href":"https:\/\/api.w.org\/{rel}","templated":true}]}}