{"id":62,"date":"2023-02-06T18:43:23","date_gmt":"2023-02-06T18:43:23","guid":{"rendered":"https:\/\/smartrafo.tecnico.ulisboa.pt\/?page_id=62"},"modified":"2023-02-07T17:40:54","modified_gmt":"2023-02-07T17:40:54","slug":"media","status":"publish","type":"page","link":"https:\/\/smartrafo.tecnico.ulisboa.pt\/?page_id=62","title":{"rendered":"Media"},"content":{"rendered":"\n<div class=\"wp-block-media-text alignwide is-stacked-on-mobile\"><figure class=\"wp-block-media-text__media\"><img decoding=\"async\" loading=\"lazy\" width=\"1024\" height=\"576\" src=\"https:\/\/smartrafo.tecnico.ulisboa.pt\/wp-content\/uploads\/2023\/02\/alumna-do-tecnico-recebe-premio-do-ieee-portugal-1140x641-1-1024x576.jpg\" alt=\"\" class=\"wp-image-141 size-full\" srcset=\"https:\/\/smartrafo.tecnico.ulisboa.pt\/wp-content\/uploads\/2023\/02\/alumna-do-tecnico-recebe-premio-do-ieee-portugal-1140x641-1-1024x576.jpg 1024w, https:\/\/smartrafo.tecnico.ulisboa.pt\/wp-content\/uploads\/2023\/02\/alumna-do-tecnico-recebe-premio-do-ieee-portugal-1140x641-1-300x169.jpg 300w, https:\/\/smartrafo.tecnico.ulisboa.pt\/wp-content\/uploads\/2023\/02\/alumna-do-tecnico-recebe-premio-do-ieee-portugal-1140x641-1-768x432.jpg 768w, https:\/\/smartrafo.tecnico.ulisboa.pt\/wp-content\/uploads\/2023\/02\/alumna-do-tecnico-recebe-premio-do-ieee-portugal-1140x641-1-850x478.jpg 850w, https:\/\/smartrafo.tecnico.ulisboa.pt\/wp-content\/uploads\/2023\/02\/alumna-do-tecnico-recebe-premio-do-ieee-portugal-1140x641-1.jpg 1140w\" sizes=\"(max-width: 1024px) 100vw, 1024px\" \/><\/figure><div class=\"wp-block-media-text__content\">\n<h2 class=\"has-text-align-left\">T\u00e9cnico alumna wins IEEE Portugal Award<\/h2>\n\n\n\n<p><em>The IEEE Portugal section distinguished a master\u2019s thesis in Electrical and Computer Engineering authored by a T\u00e9cnico alumna.<\/em><\/p>\n\n\n\n<p><a href=\"https:\/\/tecnico.ulisboa.pt\/en\/news\/campus-community\/tecnico-alumna-wins-ieee-portugal-award\/\" target=\"_blank\" rel=\"noreferrer noopener\">More Info.<\/a><\/p>\n<\/div><\/div>\n\n\n\n<div class=\"wp-block-media-text alignwide has-media-on-the-right is-stacked-on-mobile\" style=\"grid-template-columns:auto 32%\"><div class=\"wp-block-media-text__content\">\n<h2 class=\"has-text-align-left\">Professor S\u00f3nia Pinto invited to IEEE IES Technical Committee<\/h2>\n\n\n\n<p>IEEE IES Technical Committee on Power electronics invited Professor S\u00f3nia Pinto to be Sub-Committee Chair in Matrix Converters.<\/p>\n\n\n\n<p><a href=\"https:\/\/petc.ieee-ies.org\/chairs.html\" target=\"_blank\" rel=\"noreferrer noopener\">More Info.<\/a><\/p>\n<\/div><figure class=\"wp-block-media-text__media\"><img decoding=\"async\" loading=\"lazy\" width=\"456\" height=\"555\" src=\"https:\/\/smartrafo.tecnico.ulisboa.pt\/wp-content\/uploads\/2023\/02\/13132.jpeg\" alt=\"\" class=\"wp-image-144 size-full\" srcset=\"https:\/\/smartrafo.tecnico.ulisboa.pt\/wp-content\/uploads\/2023\/02\/13132.jpeg 456w, https:\/\/smartrafo.tecnico.ulisboa.pt\/wp-content\/uploads\/2023\/02\/13132-246x300.jpeg 246w, https:\/\/smartrafo.tecnico.ulisboa.pt\/wp-content\/uploads\/2023\/02\/13132-300x365.jpeg 300w\" sizes=\"(max-width: 456px) 100vw, 456px\" \/><\/figure><\/div>\n\n\n\n<h2>Photo Gallery<\/h2>\n\n\n\n<figure class=\"is-layout-flex wp-block-gallery-1 wp-block-gallery has-nested-images columns-default is-cropped\">\n<figure class=\"wp-block-image size-large\"><img decoding=\"async\" loading=\"lazy\" width=\"1024\" height=\"576\" data-id=\"36\"  src=\"https:\/\/smartrafo.tecnico.ulisboa.pt\/wp-content\/uploads\/2023\/02\/Meeting-2019_06_25_P2-1024x576.jpg\" alt=\"\" class=\"wp-image-36\" srcset=\"https:\/\/smartrafo.tecnico.ulisboa.pt\/wp-content\/uploads\/2023\/02\/Meeting-2019_06_25_P2-1024x576.jpg 1024w, https:\/\/smartrafo.tecnico.ulisboa.pt\/wp-content\/uploads\/2023\/02\/Meeting-2019_06_25_P2-300x169.jpg 300w, https:\/\/smartrafo.tecnico.ulisboa.pt\/wp-content\/uploads\/2023\/02\/Meeting-2019_06_25_P2-768x432.jpg 768w, https:\/\/smartrafo.tecnico.ulisboa.pt\/wp-content\/uploads\/2023\/02\/Meeting-2019_06_25_P2-850x478.jpg 850w, https:\/\/smartrafo.tecnico.ulisboa.pt\/wp-content\/uploads\/2023\/02\/Meeting-2019_06_25_P2.jpg 1340w\" sizes=\"(max-width: 1024px) 100vw, 1024px\" \/><\/figure>\n\n\n\n<figure class=\"wp-block-image size-large\"><img decoding=\"async\" loading=\"lazy\" width=\"1024\" height=\"567\" data-id=\"31\"  src=\"https:\/\/smartrafo.tecnico.ulisboa.pt\/wp-content\/uploads\/2023\/02\/2022_Planar_High_Frequency_Transformer-1024x567.jpg\" alt=\"\" class=\"wp-image-31\" srcset=\"https:\/\/smartrafo.tecnico.ulisboa.pt\/wp-content\/uploads\/2023\/02\/2022_Planar_High_Frequency_Transformer-1024x567.jpg 1024w, https:\/\/smartrafo.tecnico.ulisboa.pt\/wp-content\/uploads\/2023\/02\/2022_Planar_High_Frequency_Transformer-300x166.jpg 300w, https:\/\/smartrafo.tecnico.ulisboa.pt\/wp-content\/uploads\/2023\/02\/2022_Planar_High_Frequency_Transformer-768x426.jpg 768w, https:\/\/smartrafo.tecnico.ulisboa.pt\/wp-content\/uploads\/2023\/02\/2022_Planar_High_Frequency_Transformer-850x471.jpg 850w, https:\/\/smartrafo.tecnico.ulisboa.pt\/wp-content\/uploads\/2023\/02\/2022_Planar_High_Frequency_Transformer.jpg 1135w\" sizes=\"(max-width: 1024px) 100vw, 1024px\" \/><\/figure>\n\n\n\n<figure class=\"wp-block-image size-large\"><img decoding=\"async\" data-id=\"34\"  src=\"https:\/\/smartrafo.tecnico.ulisboa.pt\/wp-content\/uploads\/2023\/02\/Lunch_2022_07_22_P3.jpg\" alt=\"\" class=\"wp-image-34\"\/><\/figure>\n<\/figure>\n","protected":false},"excerpt":{"rendered":"<p>T\u00e9cnico alumna wins IEEE Portugal Award The IEEE Portugal section distinguished a master\u2019s thesis in Electrical and Computer Engineering authored by a T\u00e9cnico alumna. More Info. Professor S\u00f3nia Pinto invited to IEEE IES Technical Committee IEEE IES Technical Committee on Power electronics invited Professor S\u00f3nia Pinto to be Sub-Committee Chair in Matrix Converters. More Info&#8230;.<\/p>\n","protected":false},"author":1,"featured_media":0,"parent":0,"menu_order":0,"comment_status":"closed","ping_status":"closed","template":"","meta":[],"_links":{"self":[{"href":"https:\/\/smartrafo.tecnico.ulisboa.pt\/index.php?rest_route=\/wp\/v2\/pages\/62"}],"collection":[{"href":"https:\/\/smartrafo.tecnico.ulisboa.pt\/index.php?rest_route=\/wp\/v2\/pages"}],"about":[{"href":"https:\/\/smartrafo.tecnico.ulisboa.pt\/index.php?rest_route=\/wp\/v2\/types\/page"}],"author":[{"embeddable":true,"href":"https:\/\/smartrafo.tecnico.ulisboa.pt\/index.php?rest_route=\/wp\/v2\/users\/1"}],"replies":[{"embeddable":true,"href":"https:\/\/smartrafo.tecnico.ulisboa.pt\/index.php?rest_route=%2Fwp%2Fv2%2Fcomments&post=62"}],"version-history":[{"count":6,"href":"https:\/\/smartrafo.tecnico.ulisboa.pt\/index.php?rest_route=\/wp\/v2\/pages\/62\/revisions"}],"predecessor-version":[{"id":145,"href":"https:\/\/smartrafo.tecnico.ulisboa.pt\/index.php?rest_route=\/wp\/v2\/pages\/62\/revisions\/145"}],"wp:attachment":[{"href":"https:\/\/smartrafo.tecnico.ulisboa.pt\/index.php?rest_route=%2Fwp%2Fv2%2Fmedia&parent=62"}],"curies":[{"name":"wp","href":"https:\/\/api.w.org\/{rel}","templated":true}]}}